{"id":11599,"date":"2025-10-13T15:38:21","date_gmt":"2025-10-13T15:38:21","guid":{"rendered":"https:\/\/vangest.com\/?page_id=11599"},"modified":"2025-10-21T08:04:27","modified_gmt":"2025-10-21T08:04:27","slug":"candidaturas","status":"publish","type":"page","link":"https:\/\/vangest.com\/pt-pt\/empresa\/carreiras\/candidaturas\/","title":{"rendered":"Formul\u00e1rio Candidaturas"},"content":{"rendered":"[vc_row type=&#8221;full_width_background&#8221; full_screen_row_position=&#8221;middle&#8221; column_margin=&#8221;default&#8221; column_direction=&#8221;default&#8221; column_direction_tablet=&#8221;default&#8221; column_direction_phone=&#8221;default&#8221; animated_gradient_bg=&#8221;true&#8221; animated_gradient_bg_color_1=&#8221;#00acc9&#8243; animated_gradient_bg_speed=&#8221;1300&#8243; animated_gradient_bg_blending_mode=&#8221;linear&#8221; scene_position=&#8221;center&#8221; top_padding=&#8221;8%&#8221; constrain_group_1=&#8221;yes&#8221; bottom_padding=&#8221;8%&#8221; constrain_group_5=&#8221;yes&#8221; text_color=&#8221;dark&#8221; text_align=&#8221;left&#8221; row_border_radius=&#8221;none&#8221; row_border_radius_applies=&#8221;bg&#8221; overflow=&#8221;visible&#8221; id=&#8221;contactos&#8221; overlay_strength=&#8221;0.3&#8243; gradient_direction=&#8221;left_to_right&#8221; shape_divider_position=&#8221;bottom&#8221; bg_image_animation=&#8221;none&#8221; gradient_type=&#8221;default&#8221; shape_type=&#8221;&#8221;][vc_column column_padding=&#8221;no-extra-padding&#8221; column_padding_tablet=&#8221;inherit&#8221; column_padding_phone=&#8221;inherit&#8221; column_padding_position=&#8221;all&#8221; column_element_direction_desktop=&#8221;default&#8221; column_element_spacing=&#8221;default&#8221; desktop_text_alignment=&#8221;default&#8221; tablet_text_alignment=&#8221;default&#8221; phone_text_alignment=&#8221;default&#8221; background_color_opacity=&#8221;1&#8243; background_hover_color_opacity=&#8221;1&#8243; column_backdrop_filter=&#8221;none&#8221; column_shadow=&#8221;none&#8221; column_border_radius=&#8221;none&#8221; column_link_target=&#8221;_self&#8221; column_position=&#8221;default&#8221; gradient_direction=&#8221;left_to_right&#8221; overlay_strength=&#8221;0.3&#8243; width=&#8221;1\/1&#8243; tablet_width_inherit=&#8221;default&#8221; animation_type=&#8221;default&#8221; bg_image_animation=&#8221;none&#8221; border_type=&#8221;simple&#8221; column_border_width=&#8221;none&#8221; column_border_style=&#8221;solid&#8221;][vc_row_inner column_margin=&#8221;default&#8221; column_direction=&#8221;default&#8221; column_direction_tablet=&#8221;default&#8221; column_direction_phone=&#8221;default&#8221; bottom_padding=&#8221;80px&#8221; bottom_padding_tablet=&#8221;25px&#8221; bottom_padding_phone=&#8221;25px&#8221; text_align=&#8221;left&#8221; row_position=&#8221;default&#8221; row_position_tablet=&#8221;inherit&#8221; row_position_phone=&#8221;inherit&#8221; overflow=&#8221;visible&#8221; pointer_events=&#8221;all&#8221;][vc_column_inner column_padding=&#8221;no-extra-padding&#8221; column_padding_tablet=&#8221;inherit&#8221; column_padding_phone=&#8221;inherit&#8221; column_padding_position=&#8221;all&#8221; column_element_direction_desktop=&#8221;default&#8221; column_element_spacing=&#8221;default&#8221; desktop_text_alignment=&#8221;default&#8221; tablet_text_alignment=&#8221;default&#8221; phone_text_alignment=&#8221;default&#8221; background_color_opacity=&#8221;1&#8243; background_hover_color_opacity=&#8221;1&#8243; column_backdrop_filter=&#8221;none&#8221; column_shadow=&#8221;none&#8221; column_border_radius=&#8221;none&#8221; column_link_target=&#8221;_self&#8221; overflow=&#8221;visible&#8221; gradient_direction=&#8221;left_to_right&#8221; overlay_strength=&#8221;0.3&#8243; width=&#8221;1\/1&#8243; tablet_width_inherit=&#8221;default&#8221; animation_type=&#8221;default&#8221; bg_image_animation=&#8221;none&#8221; border_type=&#8221;simple&#8221; column_border_width=&#8221;none&#8221; column_border_style=&#8221;solid&#8221;][vc_custom_heading text=&#8221;Candidatura Espont\u00e2nea&#8221; font_container=&#8221;tag:h1|text_align:left|color:%230033a0&#8243; use_theme_fonts=&#8221;yes&#8221;][\/vc_column_inner][\/vc_row_inner][vc_row_inner column_margin=&#8221;default&#8221; column_direction=&#8221;default&#8221; column_direction_tablet=&#8221;default&#8221; column_direction_phone=&#8221;default&#8221; constrain_group_2=&#8221;yes&#8221; left_padding_tablet=&#8221;0&#8243; right_padding_tablet=&#8221;0&#8243; left_padding_phone=&#8221;0&#8243; right_padding_phone=&#8221;0&#8243; text_align=&#8221;left&#8221; row_position=&#8221;default&#8221; row_position_tablet=&#8221;inherit&#8221; row_position_phone=&#8221;inherit&#8221; overflow=&#8221;visible&#8221; pointer_events=&#8221;all&#8221;][vc_column_inner column_padding=&#8221;no-extra-padding&#8221; column_padding_tablet=&#8221;inherit&#8221; column_padding_phone=&#8221;inherit&#8221; column_padding_position=&#8221;all&#8221; column_element_direction_desktop=&#8221;default&#8221; column_element_spacing=&#8221;default&#8221; desktop_text_alignment=&#8221;default&#8221; tablet_text_alignment=&#8221;default&#8221; phone_text_alignment=&#8221;default&#8221; background_color_opacity=&#8221;1&#8243; background_hover_color_opacity=&#8221;1&#8243; column_backdrop_filter=&#8221;none&#8221; column_shadow=&#8221;none&#8221; column_border_radius=&#8221;none&#8221; column_link_target=&#8221;_self&#8221; overflow=&#8221;visible&#8221; gradient_direction=&#8221;left_to_right&#8221; overlay_strength=&#8221;0.3&#8243; width=&#8221;1\/1&#8243; tablet_width_inherit=&#8221;default&#8221; animation_type=&#8221;default&#8221; bg_image_animation=&#8221;none&#8221; border_type=&#8221;simple&#8221; column_border_width=&#8221;none&#8221; column_border_style=&#8221;solid&#8221;]\n<div class=\"wpcf7 no-js\" id=\"wpcf7-f12009-o1\" lang=\"pt-PT\" dir=\"ltr\" data-wpcf7-id=\"12009\">\n<div class=\"screen-reader-response\"><p role=\"status\" aria-live=\"polite\" aria-atomic=\"true\"><\/p> <ul><\/ul><\/div>\n<form action=\"\/pt-pt\/wp-json\/wp\/v2\/pages\/11599#wpcf7-f12009-o1\" method=\"post\" class=\"wpcf7-form init wpcf7-acceptance-as-validation\" aria-label=\"Formul\u00e1rio de contacto\" enctype=\"multipart\/form-data\" novalidate=\"novalidate\" data-status=\"init\">\n<fieldset class=\"hidden-fields-container\"><input type=\"hidden\" name=\"_wpcf7\" value=\"12009\" \/><input type=\"hidden\" name=\"_wpcf7_version\" value=\"6.1.5\" \/><input type=\"hidden\" name=\"_wpcf7_locale\" value=\"pt_PT\" \/><input type=\"hidden\" name=\"_wpcf7_unit_tag\" value=\"wpcf7-f12009-o1\" \/><input type=\"hidden\" name=\"_wpcf7_container_post\" value=\"0\" \/><input type=\"hidden\" name=\"_wpcf7_posted_data_hash\" value=\"\" \/><input type=\"hidden\" name=\"_eacf7_hidden_conditional_fields\" value=\"\" \/>\n<\/fieldset>\n<div class=\" eacf7-form-styler eacf7-form-styler-default\" data-styler=\"W10=\" data-form_id=\"12009\"><div class=\"eacf7-form-12009\"><label> Tipo de Candidatura\n<span class=\"wpcf7-form-control-wrap\" data-name=\"select-466\"><select class=\"wpcf7-form-control wpcf7-select wpcf7-validates-as-required\" aria-required=\"true\" aria-invalid=\"false\" name=\"select-466\"><option value=\"\"><\/option><option value=\"Candidatura espont\u00e2nea\">Candidatura espont\u00e2nea<\/option><option value=\"Est\u00e1gios\">Est\u00e1gios<\/option><\/select><\/span><\/label>\n\n<label> Nome\n<span class=\"wpcf7-form-control-wrap\" data-name=\"your-name\"><input size=\"40\" maxlength=\"400\" class=\"wpcf7-form-control wpcf7-text wpcf7-validates-as-required\" autocomplete=\"name\" aria-required=\"true\" aria-invalid=\"false\" value=\"\" type=\"text\" name=\"your-name\" \/><\/span><\/label>\n\n<label> Email\n<span class=\"wpcf7-form-control-wrap\" data-name=\"your-email\"><input size=\"40\" maxlength=\"400\" class=\"wpcf7-form-control wpcf7-email wpcf7-validates-as-required wpcf7-text wpcf7-validates-as-email\" autocomplete=\"email\" aria-required=\"true\" aria-invalid=\"false\" value=\"\" type=\"email\" name=\"your-email\" \/><\/span><\/label>\n\n<label class=\"textform\"> A VANGEST est\u00e1 comprometida em proteger e respeitar a sua privacidade. Em conformidade com as novas disposi\u00e7\u00f5es legais, \u00e9 necess\u00e1rio obter o seu consentimento expresso para armazenar e tratar os seus dados pessoais antes de podermos enviar-lhe o conte\u00fado solicitado. Consulte a nossa Pol\u00edtica de Privacidade para mais informa\u00e7\u00f5es sobre as nossas medidas de prote\u00e7\u00e3o e sobre como exercer os seus direitos relativos a dados pessoais.<\/label>\n\n        <div class='cf-turnstile' data-sitekey=\"0x4AAAAAAB8Zv7EppYsTAGID\"\n             data-theme=\"light\"><\/div>\n        <span class=\"eacf7-cf-turnstile wpcf7-form-control-wrap\"\n              data-name=\"cloudflare_turnstile-822\">\n                    <\/span>\n        \n\n<span class=\"wpcf7-form-control-wrap\" data-name=\"acceptance-526\"><span class=\"wpcf7-form-control wpcf7-acceptance\"><span class=\"wpcf7-list-item\"><label><input type=\"checkbox\" name=\"acceptance-526\" value=\"1\" aria-invalid=\"false\" \/><span class=\"wpcf7-list-item-label\">Li e aceito o tratamento do meu CV de acordo com a <a style=\"text-decoration:underline\" href=\"https:\/\/vangest.com\/pt-pt\/empresa\/politicas-de-privacidade\/\">Pol\u00edtica de Privacidade<\/a> VANGEST em vigor.<\/span><\/label><\/span><\/span><\/span>\n\n<span class=\"wpcf7-form-control-wrap\" data-name=\"anexo\"><input size=\"40\" class=\"wpcf7-form-control wpcf7-file wpcf7-validates-as-required\" accept=\".pdf\" aria-required=\"true\" aria-invalid=\"false\" type=\"file\" name=\"anexo\" \/><\/span><p><span style=\"font-size: 16px;color: #0033A0;float:left\">Anexar CV em formato PDF at\u00e9 10MB.<\/span>\n<input class=\"wpcf7-form-control wpcf7-submit has-spinner\" type=\"submit\" value=\"Enviar\" \/><\/div><\/div><script>var eacf7IntegrationsData_12009 = {\"payPalCurrency\":\"USD\",\"stripeCurrency\":\"USD\",\"stripePublicKey\":\"\"};<\/script><p style=\"display: none !important;\" class=\"akismet-fields-container\" data-prefix=\"_wpcf7_ak_\"><label>&#916;<textarea name=\"_wpcf7_ak_hp_textarea\" cols=\"45\" rows=\"8\" maxlength=\"100\"><\/textarea><\/label><input type=\"hidden\" id=\"ak_js_1\" name=\"_wpcf7_ak_js\" value=\"134\"\/><script type=\"text\/javascript\">\n\/* <![CDATA[ *\/\ndocument.getElementById( \"ak_js_1\" ).setAttribute( \"value\", ( new Date() ).getTime() );\n\/* ]]> *\/\n<\/script>\n<\/p><input type='hidden' class='wpcf7-pum' value='{\"closepopup\":false,\"closedelay\":0,\"openpopup\":false,\"openpopup_id\":0}' \/><div class=\"wpcf7-response-output\" aria-hidden=\"true\"><\/div>\n<\/form>\n<\/div>\n[\/vc_column_inner][\/vc_row_inner][\/vc_column][\/vc_row]\n","protected":false},"excerpt":{"rendered":"<p>[vc_row type=&#8221;full_width_background&#8221; full_screen_row_position=&#8221;middle&#8221; column_margin=&#8221;default&#8221; column_direction=&#8221;default&#8221; column_direction_tablet=&#8221;default&#8221; column_direction_phone=&#8221;default&#8221; animated_gradient_bg=&#8221;true&#8221; animated_gradient_bg_color_1=&#8221;#00acc9&#8243; animated_gradient_bg_speed=&#8221;1300&#8243; animated_gradient_bg_blending_mode=&#8221;linear&#8221; scene_position=&#8221;center&#8221; top_padding=&#8221;8%&#8221; constrain_group_1=&#8221;yes&#8221; bottom_padding=&#8221;8%&#8221; constrain_group_5=&#8221;yes&#8221; text_color=&#8221;dark&#8221; text_align=&#8221;left&#8221; row_border_radius=&#8221;none&#8221; row_border_radius_applies=&#8221;bg&#8221; overflow=&#8221;visible&#8221; id=&#8221;contactos&#8221; overlay_strength=&#8221;0.3&#8243; gradient_direction=&#8221;left_to_right&#8221; shape_divider_position=&#8221;bottom&#8221; bg_image_animation=&#8221;none&#8221; gradient_type=&#8221;default&#8221; shape_type=&#8221;&#8221;][vc_column column_padding=&#8221;no-extra-padding&#8221; column_padding_tablet=&#8221;inherit&#8221;&#8230;<\/p>\n","protected":false},"author":5,"featured_media":0,"parent":10439,"menu_order":0,"comment_status":"closed","ping_status":"closed","template":"","meta":{"_acf_changed":false,"inline_featured_image":false,"footnotes":""},"class_list":["post-11599","page","type-page","status-publish"],"acf":[],"yoast_head":"<!-- This site is optimized with the Yoast SEO plugin v27.5 - https:\/\/yoast.com\/product\/yoast-seo-wordpress\/ -->\n<title>VANGEST - Formulario de contacto para candidatura<\/title>\n<meta name=\"description\" content=\"Envie-nos a sua candidatura espont\u00e2nea ou candidatura para um est\u00e1gio curricular, profissional ou integrado.\" \/>\n<meta name=\"robots\" content=\"index, follow, max-snippet:-1, max-image-preview:large, max-video-preview:-1\" \/>\n<link rel=\"canonical\" href=\"https:\/\/vangest.com\/pt-pt\/empresa\/carreiras\/candidaturas\/\" \/>\n<meta property=\"og:locale\" content=\"pt_PT\" \/>\n<meta property=\"og:type\" content=\"article\" \/>\n<meta property=\"og:title\" content=\"VANGEST - Formulario de contacto para candidatura\" \/>\n<meta property=\"og:description\" content=\"Envie-nos a sua candidatura espont\u00e2nea ou candidatura para um est\u00e1gio curricular, profissional ou integrado.\" \/>\n<meta property=\"og:url\" content=\"https:\/\/vangest.com\/pt-pt\/empresa\/carreiras\/candidaturas\/\" \/>\n<meta property=\"og:site_name\" content=\"VANGEST - Global Partner for Plastic Innovation\" \/>\n<meta property=\"article:publisher\" content=\"https:\/\/www.facebook.com\/vangest\" \/>\n<meta property=\"article:modified_time\" content=\"2025-10-21T08:04:27+00:00\" \/>\n<meta name=\"twitter:card\" content=\"summary_large_image\" \/>\n<meta name=\"twitter:label1\" content=\"Tempo estimado de leitura\" \/>\n\t<meta name=\"twitter:data1\" content=\"1 minuto\" \/>\n<script type=\"application\/ld+json\" class=\"yoast-schema-graph\">{\"@context\":\"https:\\\/\\\/schema.org\",\"@graph\":[{\"@type\":\"WebPage\",\"@id\":\"https:\\\/\\\/vangest.com\\\/pt-pt\\\/empresa\\\/carreiras\\\/candidaturas\\\/\",\"url\":\"https:\\\/\\\/vangest.com\\\/pt-pt\\\/empresa\\\/carreiras\\\/candidaturas\\\/\",\"name\":\"VANGEST - Formulario de contacto para candidatura\",\"isPartOf\":{\"@id\":\"https:\\\/\\\/vangest.com\\\/pt-pt\\\/#website\"},\"datePublished\":\"2025-10-13T15:38:21+00:00\",\"dateModified\":\"2025-10-21T08:04:27+00:00\",\"description\":\"Envie-nos a sua candidatura espont\u00e2nea ou candidatura para um est\u00e1gio curricular, profissional ou integrado.\",\"breadcrumb\":{\"@id\":\"https:\\\/\\\/vangest.com\\\/pt-pt\\\/empresa\\\/carreiras\\\/candidaturas\\\/#breadcrumb\"},\"inLanguage\":\"pt-PT\",\"potentialAction\":[{\"@type\":\"ReadAction\",\"target\":[\"https:\\\/\\\/vangest.com\\\/pt-pt\\\/empresa\\\/carreiras\\\/candidaturas\\\/\"]}]},{\"@type\":\"BreadcrumbList\",\"@id\":\"https:\\\/\\\/vangest.com\\\/pt-pt\\\/empresa\\\/carreiras\\\/candidaturas\\\/#breadcrumb\",\"itemListElement\":[{\"@type\":\"ListItem\",\"position\":1,\"name\":\"In\u00edcio\",\"item\":\"https:\\\/\\\/vangest.com\\\/pt-pt\\\/\"},{\"@type\":\"ListItem\",\"position\":2,\"name\":\"Empresa\",\"item\":\"https:\\\/\\\/vangest.com\\\/pt-pt\\\/empresa\\\/\"},{\"@type\":\"ListItem\",\"position\":3,\"name\":\"Carreiras\",\"item\":\"https:\\\/\\\/vangest.com\\\/pt-pt\\\/empresa\\\/carreiras\\\/\"},{\"@type\":\"ListItem\",\"position\":4,\"name\":\"Formul\u00e1rio Candidaturas\"}]},{\"@type\":\"WebSite\",\"@id\":\"https:\\\/\\\/vangest.com\\\/pt-pt\\\/#website\",\"url\":\"https:\\\/\\\/vangest.com\\\/pt-pt\\\/\",\"name\":\"VANGEST - Global Partner for Plastic Innovation\",\"description\":\"\",\"publisher\":{\"@id\":\"https:\\\/\\\/vangest.com\\\/pt-pt\\\/#organization\"},\"potentialAction\":[{\"@type\":\"SearchAction\",\"target\":{\"@type\":\"EntryPoint\",\"urlTemplate\":\"https:\\\/\\\/vangest.com\\\/pt-pt\\\/?s={search_term_string}\"},\"query-input\":{\"@type\":\"PropertyValueSpecification\",\"valueRequired\":true,\"valueName\":\"search_term_string\"}}],\"inLanguage\":\"pt-PT\"},{\"@type\":\"Organization\",\"@id\":\"https:\\\/\\\/vangest.com\\\/pt-pt\\\/#organization\",\"name\":\"VANGEST\",\"url\":\"https:\\\/\\\/vangest.com\\\/pt-pt\\\/\",\"logo\":{\"@type\":\"ImageObject\",\"inLanguage\":\"pt-PT\",\"@id\":\"https:\\\/\\\/vangest.com\\\/pt-pt\\\/#\\\/schema\\\/logo\\\/image\\\/\",\"url\":\"https:\\\/\\\/vangest.com\\\/wp-content\\\/uploads\\\/2024\\\/10\\\/Logotipo.svg\",\"contentUrl\":\"https:\\\/\\\/vangest.com\\\/wp-content\\\/uploads\\\/2024\\\/10\\\/Logotipo.svg\",\"width\":336,\"height\":40,\"caption\":\"VANGEST\"},\"image\":{\"@id\":\"https:\\\/\\\/vangest.com\\\/pt-pt\\\/#\\\/schema\\\/logo\\\/image\\\/\"},\"sameAs\":[\"https:\\\/\\\/www.facebook.com\\\/vangest\",\"https:\\\/\\\/www.linkedin.com\\\/company\\\/vangest\\\/\",\"https:\\\/\\\/www.instagram.com\\\/grupo_vangest\\\/\"]}]}<\/script>\n<!-- \/ Yoast SEO plugin. -->","yoast_head_json":{"title":"VANGEST - Formulario de contacto para candidatura","description":"Envie-nos a sua candidatura espont\u00e2nea ou candidatura para um est\u00e1gio curricular, profissional ou integrado.","robots":{"index":"index","follow":"follow","max-snippet":"max-snippet:-1","max-image-preview":"max-image-preview:large","max-video-preview":"max-video-preview:-1"},"canonical":"https:\/\/vangest.com\/pt-pt\/empresa\/carreiras\/candidaturas\/","og_locale":"pt_PT","og_type":"article","og_title":"VANGEST - Formulario de contacto para candidatura","og_description":"Envie-nos a sua candidatura espont\u00e2nea ou candidatura para um est\u00e1gio curricular, profissional ou integrado.","og_url":"https:\/\/vangest.com\/pt-pt\/empresa\/carreiras\/candidaturas\/","og_site_name":"VANGEST - Global Partner for Plastic Innovation","article_publisher":"https:\/\/www.facebook.com\/vangest","article_modified_time":"2025-10-21T08:04:27+00:00","twitter_card":"summary_large_image","twitter_misc":{"Tempo estimado de leitura":"1 minuto"},"schema":{"@context":"https:\/\/schema.org","@graph":[{"@type":"WebPage","@id":"https:\/\/vangest.com\/pt-pt\/empresa\/carreiras\/candidaturas\/","url":"https:\/\/vangest.com\/pt-pt\/empresa\/carreiras\/candidaturas\/","name":"VANGEST - Formulario de contacto para candidatura","isPartOf":{"@id":"https:\/\/vangest.com\/pt-pt\/#website"},"datePublished":"2025-10-13T15:38:21+00:00","dateModified":"2025-10-21T08:04:27+00:00","description":"Envie-nos a sua candidatura espont\u00e2nea ou candidatura para um est\u00e1gio curricular, profissional ou integrado.","breadcrumb":{"@id":"https:\/\/vangest.com\/pt-pt\/empresa\/carreiras\/candidaturas\/#breadcrumb"},"inLanguage":"pt-PT","potentialAction":[{"@type":"ReadAction","target":["https:\/\/vangest.com\/pt-pt\/empresa\/carreiras\/candidaturas\/"]}]},{"@type":"BreadcrumbList","@id":"https:\/\/vangest.com\/pt-pt\/empresa\/carreiras\/candidaturas\/#breadcrumb","itemListElement":[{"@type":"ListItem","position":1,"name":"In\u00edcio","item":"https:\/\/vangest.com\/pt-pt\/"},{"@type":"ListItem","position":2,"name":"Empresa","item":"https:\/\/vangest.com\/pt-pt\/empresa\/"},{"@type":"ListItem","position":3,"name":"Carreiras","item":"https:\/\/vangest.com\/pt-pt\/empresa\/carreiras\/"},{"@type":"ListItem","position":4,"name":"Formul\u00e1rio Candidaturas"}]},{"@type":"WebSite","@id":"https:\/\/vangest.com\/pt-pt\/#website","url":"https:\/\/vangest.com\/pt-pt\/","name":"VANGEST - Global Partner for Plastic Innovation","description":"","publisher":{"@id":"https:\/\/vangest.com\/pt-pt\/#organization"},"potentialAction":[{"@type":"SearchAction","target":{"@type":"EntryPoint","urlTemplate":"https:\/\/vangest.com\/pt-pt\/?s={search_term_string}"},"query-input":{"@type":"PropertyValueSpecification","valueRequired":true,"valueName":"search_term_string"}}],"inLanguage":"pt-PT"},{"@type":"Organization","@id":"https:\/\/vangest.com\/pt-pt\/#organization","name":"VANGEST","url":"https:\/\/vangest.com\/pt-pt\/","logo":{"@type":"ImageObject","inLanguage":"pt-PT","@id":"https:\/\/vangest.com\/pt-pt\/#\/schema\/logo\/image\/","url":"https:\/\/vangest.com\/wp-content\/uploads\/2024\/10\/Logotipo.svg","contentUrl":"https:\/\/vangest.com\/wp-content\/uploads\/2024\/10\/Logotipo.svg","width":336,"height":40,"caption":"VANGEST"},"image":{"@id":"https:\/\/vangest.com\/pt-pt\/#\/schema\/logo\/image\/"},"sameAs":["https:\/\/www.facebook.com\/vangest","https:\/\/www.linkedin.com\/company\/vangest\/","https:\/\/www.instagram.com\/grupo_vangest\/"]}]}},"_links":{"self":[{"href":"https:\/\/vangest.com\/pt-pt\/wp-json\/wp\/v2\/pages\/11599","targetHints":{"allow":["GET"]}}],"collection":[{"href":"https:\/\/vangest.com\/pt-pt\/wp-json\/wp\/v2\/pages"}],"about":[{"href":"https:\/\/vangest.com\/pt-pt\/wp-json\/wp\/v2\/types\/page"}],"author":[{"embeddable":true,"href":"https:\/\/vangest.com\/pt-pt\/wp-json\/wp\/v2\/users\/5"}],"replies":[{"embeddable":true,"href":"https:\/\/vangest.com\/pt-pt\/wp-json\/wp\/v2\/comments?post=11599"}],"version-history":[{"count":5,"href":"https:\/\/vangest.com\/pt-pt\/wp-json\/wp\/v2\/pages\/11599\/revisions"}],"predecessor-version":[{"id":12063,"href":"https:\/\/vangest.com\/pt-pt\/wp-json\/wp\/v2\/pages\/11599\/revisions\/12063"}],"up":[{"embeddable":true,"href":"https:\/\/vangest.com\/pt-pt\/wp-json\/wp\/v2\/pages\/10439"}],"wp:attachment":[{"href":"https:\/\/vangest.com\/pt-pt\/wp-json\/wp\/v2\/media?parent=11599"}],"curies":[{"name":"wp","href":"https:\/\/api.w.org\/{rel}","templated":true}]}}