{"id":11688,"date":"2025-10-10T09:06:39","date_gmt":"2025-10-10T09:06:39","guid":{"rendered":"https:\/\/vangest.com\/imprensa\/"},"modified":"2025-10-15T16:19:46","modified_gmt":"2025-10-15T16:19:46","slug":"imprensa","status":"publish","type":"page","link":"https:\/\/vangest.com\/pt-pt\/imprensa\/","title":{"rendered":"Imprensa"},"content":{"rendered":"[vc_row type=&#8221;full_width_content&#8221; full_screen_row_position=&#8221;middle&#8221; column_margin=&#8221;20px&#8221; column_direction=&#8221;default&#8221; column_direction_tablet=&#8221;default&#8221; column_direction_phone=&#8221;default&#8221; scene_position=&#8221;center&#8221; top_padding=&#8221;10%&#8221; constrain_group_1=&#8221;yes&#8221; bottom_padding=&#8221;10%&#8221; left_padding_desktop=&#8221;8%&#8221; constrain_group_2=&#8221;yes&#8221; right_padding_desktop=&#8221;8%&#8221; constrain_group_9=&#8221;yes&#8221; constrain_group_10=&#8221;yes&#8221; text_color=&#8221;dark&#8221; text_align=&#8221;left&#8221; row_border_radius=&#8221;none&#8221; row_border_radius_applies=&#8221;bg&#8221; overflow=&#8221;visible&#8221; advanced_gradient_angle=&#8221;0&#8243; overlay_strength=&#8221;0.3&#8243; gradient_direction=&#8221;left_to_right&#8221; shape_divider_position=&#8221;bottom&#8221; bg_image_animation=&#8221;none&#8221; shape_type=&#8221;&#8221; gradient_type=&#8221;default&#8221;][vc_column column_padding=&#8221;no-extra-padding&#8221; column_padding_tablet=&#8221;inherit&#8221; column_padding_phone=&#8221;inherit&#8221; column_padding_position=&#8221;all&#8221; column_element_direction_desktop=&#8221;default&#8221; column_element_spacing=&#8221;0px&#8221; desktop_text_alignment=&#8221;default&#8221; tablet_text_alignment=&#8221;center&#8221; phone_text_alignment=&#8221;center&#8221; sticky_content=&#8221;true&#8221; sticky_content_functionality=&#8221;css&#8221; sticky_content_alignment=&#8221;default&#8221; background_color_opacity=&#8221;1&#8243; background_hover_color_opacity=&#8221;1&#8243; column_backdrop_filter=&#8221;none&#8221; column_shadow=&#8221;none&#8221; column_border_radius=&#8221;none&#8221; column_link_target=&#8221;_self&#8221; column_position=&#8221;default&#8221; advanced_gradient_angle=&#8221;0&#8243; gradient_direction=&#8221;left_to_right&#8221; overlay_strength=&#8221;0.3&#8243; width=&#8221;1\/3&#8243; tablet_width_inherit=&#8221;default&#8221; animation_type=&#8221;default&#8221; bg_image_animation=&#8221;none&#8221; border_type=&#8221;simple&#8221; column_border_width=&#8221;none&#8221; column_border_style=&#8221;solid&#8221; gradient_type=&#8221;default&#8221;][vc_row_inner column_margin=&#8221;default&#8221; column_direction=&#8221;default&#8221; column_direction_tablet=&#8221;default&#8221; column_direction_phone=&#8221;default&#8221; top_padding_tablet=&#8221;6%&#8221; constrain_group_4=&#8221;yes&#8221; top_padding_phone=&#8221;10%&#8221; text_align=&#8221;left&#8221; row_position=&#8221;default&#8221; row_position_tablet=&#8221;inherit&#8221; row_position_phone=&#8221;inherit&#8221; overflow=&#8221;visible&#8221; pointer_events=&#8221;all&#8221;][vc_column_inner column_padding=&#8221;no-extra-padding&#8221; column_padding_tablet=&#8221;inherit&#8221; column_padding_phone=&#8221;inherit&#8221; column_padding_position=&#8221;all&#8221; column_element_direction_desktop=&#8221;default&#8221; column_element_spacing=&#8221;default&#8221; desktop_text_alignment=&#8221;left&#8221; tablet_text_alignment=&#8221;left&#8221; phone_text_alignment=&#8221;left&#8221; background_color_opacity=&#8221;1&#8243; background_hover_color_opacity=&#8221;1&#8243; column_backdrop_filter=&#8221;none&#8221; font_color=&#8221;#000000&#8243; column_shadow=&#8221;none&#8221; column_border_radius=&#8221;none&#8221; column_link_target=&#8221;_self&#8221; overflow=&#8221;visible&#8221; gradient_direction=&#8221;left_to_right&#8221; overlay_strength=&#8221;0.3&#8243; width=&#8221;1\/1&#8243; tablet_width_inherit=&#8221;default&#8221; animation_type=&#8221;default&#8221; enable_animation=&#8221;true&#8221; animation=&#8221;slight-fade-in-from-bottom&#8221; animation_easing=&#8221;default&#8221; bg_image_animation=&#8221;none&#8221; border_type=&#8221;simple&#8221; column_border_width=&#8221;none&#8221; column_border_style=&#8221;solid&#8221; column_padding_type=&#8221;default&#8221; gradient_type=&#8221;default&#8221;][vc_custom_heading source=&#8221;post_title&#8221; font_container=&#8221;tag:h1|text_align:left|color:%23000000&#8243; use_theme_fonts=&#8221;yes&#8221;][divider line_type=&#8221;No Line&#8221; custom_height=&#8221;24&#8243;][nectar_highlighted_text color_type=&#8221;regular&#8221; highlight_color=&#8221;#00acc9&#8243; text_color=&#8221;#000000&#8243; style=&#8221;regular_underline&#8221; highlight_expansion=&#8221;default&#8221; underline_thickness=&#8221;default&#8221;]\n<h6>Aqui encontrar\u00e1 todos os nossos <em>comunicados de imprensa<\/em>, organizados por ordem cronol\u00f3gica inversa, com as not\u00edcias mais recentes a aparecer no topo da lista.<\/h6>\n[\/nectar_highlighted_text][nectar_cta btn_style=&#8221;underline&#8221; heading_tag=&#8221;h6&#8243; button_color=&#8221;default&#8221; text_color=&#8221;#00acc9&#8243; text_color_hover=&#8221;#0033a0&#8243; button_border_thickness=&#8221;0px&#8221; link_type=&#8221;regular&#8221; alignment=&#8221;left&#8221; alignment_tablet=&#8221;left&#8221; alignment_phone=&#8221;left&#8221; display=&#8221;block&#8221; display_tablet=&#8221;inherit&#8221; display_phone=&#8221;inherit&#8221; icon_family=&#8221;none&#8221; link_text=&#8221;marketing@vangest.com&#8221; text=&#8221;Para pedidos de informa\u00e7\u00e3o dos media:&#8221;][\/vc_column_inner][\/vc_row_inner][\/vc_column][vc_column column_padding=&#8221;padding-6-percent&#8221; column_padding_tablet=&#8221;no-extra-padding&#8221; column_padding_phone=&#8221;no-extra-padding&#8221; column_padding_position=&#8221;left&#8221; column_element_direction_desktop=&#8221;default&#8221; column_element_spacing=&#8221;0px&#8221; desktop_text_alignment=&#8221;default&#8221; tablet_text_alignment=&#8221;default&#8221; phone_text_alignment=&#8221;default&#8221; background_color_opacity=&#8221;1&#8243; background_hover_color_opacity=&#8221;1&#8243; column_backdrop_filter=&#8221;none&#8221; column_shadow=&#8221;none&#8221; column_border_radius=&#8221;none&#8221; column_link_target=&#8221;_self&#8221; column_position=&#8221;default&#8221; advanced_gradient_angle=&#8221;0&#8243; gradient_direction=&#8221;left_to_right&#8221; overlay_strength=&#8221;0.3&#8243; width=&#8221;2\/3&#8243; tablet_width_inherit=&#8221;default&#8221; animation_type=&#8221;default&#8221; enable_animation=&#8221;true&#8221; animation=&#8221;slight-fade-in-from-bottom&#8221; animation_easing=&#8221;default&#8221; bg_image_animation=&#8221;none&#8221; border_type=&#8221;simple&#8221; column_border_width=&#8221;none&#8221; column_border_style=&#8221;solid&#8221; gradient_type=&#8221;default&#8221; column_padding_type=&#8221;default&#8221; animation_offset=&#8221;85%&#8221;][nectar_post_grid post_type=&#8221;post&#8221; blog_category=&#8221;imprensa&#8221; order=&#8221;DESC&#8221; orderby=&#8221;date&#8221; pagination=&#8221;none&#8221; ignore_sticky_posts=&#8221;yes&#8221; grid_item_spacing=&#8221;40px&#8221; image_size=&#8221;portfolio-thumb_large&#8221; image_loading=&#8221;default&#8221; animation=&#8221;fade-in-from-bottom&#8221; heading_tag=&#8221;h4&#8243; grid_style=&#8221;vertical_list&#8221; vertical_list_hover_effect=&#8221;slight_move&#8221; vertical_list_border_color=&#8221;rgba(0,0,0,0.72)&#8221; vertical_list_read_more=&#8221;yes&#8221; text_color=&#8221;dark&#8221; vertical_list_custom_text_color=&#8221;#000000&#8243; posts_per_page=&#8221;6&#8243;][\/vc_column][\/vc_row]\n","protected":false},"excerpt":{"rendered":"<p>[vc_row type=&#8221;full_width_content&#8221; full_screen_row_position=&#8221;middle&#8221; column_margin=&#8221;20px&#8221; column_direction=&#8221;default&#8221; column_direction_tablet=&#8221;default&#8221; column_direction_phone=&#8221;default&#8221; scene_position=&#8221;center&#8221; top_padding=&#8221;10%&#8221; constrain_group_1=&#8221;yes&#8221; bottom_padding=&#8221;10%&#8221; left_padding_desktop=&#8221;8%&#8221; constrain_group_2=&#8221;yes&#8221; right_padding_desktop=&#8221;8%&#8221; constrain_group_9=&#8221;yes&#8221; constrain_group_10=&#8221;yes&#8221; text_color=&#8221;dark&#8221; text_align=&#8221;left&#8221; row_border_radius=&#8221;none&#8221; row_border_radius_applies=&#8221;bg&#8221; overflow=&#8221;visible&#8221; advanced_gradient_angle=&#8221;0&#8243; overlay_strength=&#8221;0.3&#8243; gradient_direction=&#8221;left_to_right&#8221; shape_divider_position=&#8221;bottom&#8221; bg_image_animation=&#8221;none&#8221; shape_type=&#8221;&#8221; gradient_type=&#8221;default&#8221;][vc_column column_padding=&#8221;no-extra-padding&#8221; column_padding_tablet=&#8221;inherit&#8221;&#8230;<\/p>\n","protected":false},"author":5,"featured_media":0,"parent":0,"menu_order":0,"comment_status":"closed","ping_status":"closed","template":"","meta":{"_acf_changed":false,"inline_featured_image":false,"footnotes":""},"class_list":["post-11688","page","type-page","status-publish"],"acf":[],"yoast_head":"<!-- This site is optimized with the Yoast SEO plugin v27.5 - https:\/\/yoast.com\/product\/yoast-seo-wordpress\/ -->\n<title>Imprensa - VANGEST<\/title>\n<meta name=\"description\" content=\"Inova\u00e7\u00e3o, engenharia e excel\u00eancia em moldes e produ\u00e7\u00e3o. Explore os \u00faltimos an\u00fancios e not\u00edcias do grupo.\" \/>\n<meta name=\"robots\" content=\"index, follow, max-snippet:-1, max-image-preview:large, max-video-preview:-1\" \/>\n<link rel=\"canonical\" href=\"https:\/\/vangest.com\/pt-pt\/imprensa\/\" \/>\n<meta property=\"og:locale\" content=\"pt_PT\" \/>\n<meta property=\"og:type\" content=\"article\" \/>\n<meta property=\"og:title\" content=\"Imprensa - VANGEST\" \/>\n<meta property=\"og:description\" content=\"Inova\u00e7\u00e3o, engenharia e excel\u00eancia em moldes e produ\u00e7\u00e3o. Explore os \u00faltimos an\u00fancios e not\u00edcias do grupo.\" \/>\n<meta property=\"og:url\" content=\"https:\/\/vangest.com\/pt-pt\/imprensa\/\" \/>\n<meta property=\"og:site_name\" content=\"VANGEST - Global Partner for Plastic Innovation\" \/>\n<meta property=\"article:publisher\" content=\"https:\/\/www.facebook.com\/vangest\" \/>\n<meta property=\"article:modified_time\" content=\"2025-10-15T16:19:46+00:00\" \/>\n<meta name=\"twitter:card\" content=\"summary_large_image\" \/>\n<meta name=\"twitter:label1\" content=\"Tempo estimado de leitura\" \/>\n\t<meta name=\"twitter:data1\" content=\"1 minuto\" \/>\n<script type=\"application\/ld+json\" class=\"yoast-schema-graph\">{\"@context\":\"https:\\\/\\\/schema.org\",\"@graph\":[{\"@type\":\"WebPage\",\"@id\":\"https:\\\/\\\/vangest.com\\\/pt-pt\\\/imprensa\\\/\",\"url\":\"https:\\\/\\\/vangest.com\\\/pt-pt\\\/imprensa\\\/\",\"name\":\"Imprensa - VANGEST\",\"isPartOf\":{\"@id\":\"https:\\\/\\\/vangest.com\\\/pt-pt\\\/#website\"},\"datePublished\":\"2025-10-10T09:06:39+00:00\",\"dateModified\":\"2025-10-15T16:19:46+00:00\",\"description\":\"Inova\u00e7\u00e3o, engenharia e excel\u00eancia em moldes e produ\u00e7\u00e3o. Explore os \u00faltimos an\u00fancios e not\u00edcias do grupo.\",\"breadcrumb\":{\"@id\":\"https:\\\/\\\/vangest.com\\\/pt-pt\\\/imprensa\\\/#breadcrumb\"},\"inLanguage\":\"pt-PT\",\"potentialAction\":[{\"@type\":\"ReadAction\",\"target\":[\"https:\\\/\\\/vangest.com\\\/pt-pt\\\/imprensa\\\/\"]}]},{\"@type\":\"BreadcrumbList\",\"@id\":\"https:\\\/\\\/vangest.com\\\/pt-pt\\\/imprensa\\\/#breadcrumb\",\"itemListElement\":[{\"@type\":\"ListItem\",\"position\":1,\"name\":\"In\u00edcio\",\"item\":\"https:\\\/\\\/vangest.com\\\/pt-pt\\\/\"},{\"@type\":\"ListItem\",\"position\":2,\"name\":\"Imprensa\"}]},{\"@type\":\"WebSite\",\"@id\":\"https:\\\/\\\/vangest.com\\\/pt-pt\\\/#website\",\"url\":\"https:\\\/\\\/vangest.com\\\/pt-pt\\\/\",\"name\":\"VANGEST - Global Partner for Plastic Innovation\",\"description\":\"\",\"publisher\":{\"@id\":\"https:\\\/\\\/vangest.com\\\/pt-pt\\\/#organization\"},\"potentialAction\":[{\"@type\":\"SearchAction\",\"target\":{\"@type\":\"EntryPoint\",\"urlTemplate\":\"https:\\\/\\\/vangest.com\\\/pt-pt\\\/?s={search_term_string}\"},\"query-input\":{\"@type\":\"PropertyValueSpecification\",\"valueRequired\":true,\"valueName\":\"search_term_string\"}}],\"inLanguage\":\"pt-PT\"},{\"@type\":\"Organization\",\"@id\":\"https:\\\/\\\/vangest.com\\\/pt-pt\\\/#organization\",\"name\":\"VANGEST\",\"url\":\"https:\\\/\\\/vangest.com\\\/pt-pt\\\/\",\"logo\":{\"@type\":\"ImageObject\",\"inLanguage\":\"pt-PT\",\"@id\":\"https:\\\/\\\/vangest.com\\\/pt-pt\\\/#\\\/schema\\\/logo\\\/image\\\/\",\"url\":\"https:\\\/\\\/vangest.com\\\/wp-content\\\/uploads\\\/2024\\\/10\\\/Logotipo.svg\",\"contentUrl\":\"https:\\\/\\\/vangest.com\\\/wp-content\\\/uploads\\\/2024\\\/10\\\/Logotipo.svg\",\"width\":336,\"height\":40,\"caption\":\"VANGEST\"},\"image\":{\"@id\":\"https:\\\/\\\/vangest.com\\\/pt-pt\\\/#\\\/schema\\\/logo\\\/image\\\/\"},\"sameAs\":[\"https:\\\/\\\/www.facebook.com\\\/vangest\",\"https:\\\/\\\/www.linkedin.com\\\/company\\\/vangest\\\/\",\"https:\\\/\\\/www.instagram.com\\\/grupo_vangest\\\/\"]}]}<\/script>\n<!-- \/ Yoast SEO plugin. -->","yoast_head_json":{"title":"Imprensa - VANGEST","description":"Inova\u00e7\u00e3o, engenharia e excel\u00eancia em moldes e produ\u00e7\u00e3o. Explore os \u00faltimos an\u00fancios e not\u00edcias do grupo.","robots":{"index":"index","follow":"follow","max-snippet":"max-snippet:-1","max-image-preview":"max-image-preview:large","max-video-preview":"max-video-preview:-1"},"canonical":"https:\/\/vangest.com\/pt-pt\/imprensa\/","og_locale":"pt_PT","og_type":"article","og_title":"Imprensa - VANGEST","og_description":"Inova\u00e7\u00e3o, engenharia e excel\u00eancia em moldes e produ\u00e7\u00e3o. Explore os \u00faltimos an\u00fancios e not\u00edcias do grupo.","og_url":"https:\/\/vangest.com\/pt-pt\/imprensa\/","og_site_name":"VANGEST - Global Partner for Plastic Innovation","article_publisher":"https:\/\/www.facebook.com\/vangest","article_modified_time":"2025-10-15T16:19:46+00:00","twitter_card":"summary_large_image","twitter_misc":{"Tempo estimado de leitura":"1 minuto"},"schema":{"@context":"https:\/\/schema.org","@graph":[{"@type":"WebPage","@id":"https:\/\/vangest.com\/pt-pt\/imprensa\/","url":"https:\/\/vangest.com\/pt-pt\/imprensa\/","name":"Imprensa - VANGEST","isPartOf":{"@id":"https:\/\/vangest.com\/pt-pt\/#website"},"datePublished":"2025-10-10T09:06:39+00:00","dateModified":"2025-10-15T16:19:46+00:00","description":"Inova\u00e7\u00e3o, engenharia e excel\u00eancia em moldes e produ\u00e7\u00e3o. Explore os \u00faltimos an\u00fancios e not\u00edcias do grupo.","breadcrumb":{"@id":"https:\/\/vangest.com\/pt-pt\/imprensa\/#breadcrumb"},"inLanguage":"pt-PT","potentialAction":[{"@type":"ReadAction","target":["https:\/\/vangest.com\/pt-pt\/imprensa\/"]}]},{"@type":"BreadcrumbList","@id":"https:\/\/vangest.com\/pt-pt\/imprensa\/#breadcrumb","itemListElement":[{"@type":"ListItem","position":1,"name":"In\u00edcio","item":"https:\/\/vangest.com\/pt-pt\/"},{"@type":"ListItem","position":2,"name":"Imprensa"}]},{"@type":"WebSite","@id":"https:\/\/vangest.com\/pt-pt\/#website","url":"https:\/\/vangest.com\/pt-pt\/","name":"VANGEST - Global Partner for Plastic Innovation","description":"","publisher":{"@id":"https:\/\/vangest.com\/pt-pt\/#organization"},"potentialAction":[{"@type":"SearchAction","target":{"@type":"EntryPoint","urlTemplate":"https:\/\/vangest.com\/pt-pt\/?s={search_term_string}"},"query-input":{"@type":"PropertyValueSpecification","valueRequired":true,"valueName":"search_term_string"}}],"inLanguage":"pt-PT"},{"@type":"Organization","@id":"https:\/\/vangest.com\/pt-pt\/#organization","name":"VANGEST","url":"https:\/\/vangest.com\/pt-pt\/","logo":{"@type":"ImageObject","inLanguage":"pt-PT","@id":"https:\/\/vangest.com\/pt-pt\/#\/schema\/logo\/image\/","url":"https:\/\/vangest.com\/wp-content\/uploads\/2024\/10\/Logotipo.svg","contentUrl":"https:\/\/vangest.com\/wp-content\/uploads\/2024\/10\/Logotipo.svg","width":336,"height":40,"caption":"VANGEST"},"image":{"@id":"https:\/\/vangest.com\/pt-pt\/#\/schema\/logo\/image\/"},"sameAs":["https:\/\/www.facebook.com\/vangest","https:\/\/www.linkedin.com\/company\/vangest\/","https:\/\/www.instagram.com\/grupo_vangest\/"]}]}},"_links":{"self":[{"href":"https:\/\/vangest.com\/pt-pt\/wp-json\/wp\/v2\/pages\/11688","targetHints":{"allow":["GET"]}}],"collection":[{"href":"https:\/\/vangest.com\/pt-pt\/wp-json\/wp\/v2\/pages"}],"about":[{"href":"https:\/\/vangest.com\/pt-pt\/wp-json\/wp\/v2\/types\/page"}],"author":[{"embeddable":true,"href":"https:\/\/vangest.com\/pt-pt\/wp-json\/wp\/v2\/users\/5"}],"replies":[{"embeddable":true,"href":"https:\/\/vangest.com\/pt-pt\/wp-json\/wp\/v2\/comments?post=11688"}],"version-history":[{"count":7,"href":"https:\/\/vangest.com\/pt-pt\/wp-json\/wp\/v2\/pages\/11688\/revisions"}],"predecessor-version":[{"id":11860,"href":"https:\/\/vangest.com\/pt-pt\/wp-json\/wp\/v2\/pages\/11688\/revisions\/11860"}],"wp:attachment":[{"href":"https:\/\/vangest.com\/pt-pt\/wp-json\/wp\/v2\/media?parent=11688"}],"curies":[{"name":"wp","href":"https:\/\/api.w.org\/{rel}","templated":true}]}}